{"id":78,"date":"2016-11-14T17:48:00","date_gmt":"2016-11-14T17:48:00","guid":{"rendered":"http:\/\/insideinternistas.com\/?page_id=78"},"modified":"2021-03-05T12:07:25","modified_gmt":"2021-03-05T11:07:25","slug":"erzahl-uns-deinen-fall","status":"publish","type":"page","link":"https:\/\/www.insideinternistas.com\/de\/erzahl-uns-deinen-fall\/","title":{"rendered":"Erz\u00e4hl uns Deinen Fall"},"content":{"rendered":"<p>[et_pb_section fb_built=&#8221;1&#8243; fullwidth=&#8221;on&#8221; next_background_color=&#8221;#f4f4f4&#8243; _builder_version=&#8221;4.9.0&#8243; _module_preset=&#8221;default&#8221; background_enable_color=&#8221;off&#8221; background_image=&#8221;https:\/\/www.insideinternistas.com\/de\/wp-content\/uploads\/sites\/3\/2021\/03\/equipo-inside-internistas.jpg&#8221; background_position=&#8221;top_center&#8221; custom_padding=&#8221;0px||0px||true|false&#8221; top_divider_height=&#8221;50px&#8221; top_divider_flip=&#8221;vertical|horizontal&#8221; bottom_divider_style=&#8221;arrow3&#8243; bottom_divider_height=&#8221;75px&#8221; bottom_divider_flip=&#8221;vertical&#8221; background_last_edited=&#8221;on|desktop&#8221; background_size_tablet=&#8221;cover&#8221; background_size_phone=&#8221;cover&#8221; background_position_phone=&#8221;center_right&#8221;][et_pb_fullwidth_header title=&#8221;Erz\u00e4hl uns Deinen Fall&#8221; _builder_version=&#8221;4.9.0&#8243; _module_preset=&#8221;default&#8221; title_text_align=&#8221;left&#8221; content_text_align=&#8221;left&#8221; background_color=&#8221;rgba(31,130,178,0.5)&#8221; custom_button_one=&#8221;on&#8221; button_one_text_color=&#8221;#FFFFFF&#8221; button_one_bg_color=&#8221;rgba(31,130,178,0.31)&#8221; button_one_border_color=&#8221;#FFFFFF&#8221; custom_padding=&#8221;10vw||10vw||true|false&#8221; custom_padding_tablet=&#8221;8vw||8vw||true|false&#8221; custom_padding_phone=&#8221;10vw||10vw||true|false&#8221; custom_padding_last_edited=&#8221;on|tablet&#8221; title_text_align_tablet=&#8221;center&#8221; title_text_align_phone=&#8221;&#8221; title_text_align_last_edited=&#8221;on|phone&#8221; content_text_align_tablet=&#8221;center&#8221; content_text_align_phone=&#8221;&#8221; content_text_align_last_edited=&#8221;on|phone&#8221;]<\/p>\n<p>Bei Inside Internistas stellen wir unseren Benutzern eine Form zur Verf\u00fcgung, in der sie ihren Fall pr\u00e4sentieren k\u00f6nnen, damit einer unserer Spezialisten ihn pers\u00f6nlich studieren kann.<\/p>\n<p>Sie m\u00fcssen nur das beigef\u00fcgte Formular mit Ihren Daten ausf\u00fcllen.<\/p>\n<p>[\/et_pb_fullwidth_header][\/et_pb_section][et_pb_section fb_built=&#8221;1&#8243; custom_padding_last_edited=&#8221;on|desktop&#8221; admin_label=&#8221;section&#8221; _builder_version=&#8221;3.22&#8243; background_color=&#8221;#f4f4f4&#8243; custom_padding_tablet=&#8221;50px|0|50px|0&#8243; custom_padding_phone=&#8221;&#8221; transparent_background=&#8221;off&#8221; padding_mobile=&#8221;off&#8221; make_fullwidth=&#8221;off&#8221; use_custom_width=&#8221;off&#8221; width_unit=&#8221;on&#8221;][et_pb_row admin_label=&#8221;row&#8221; _builder_version=&#8221;3.25&#8243; background_size=&#8221;initial&#8221; background_position=&#8221;top_left&#8221; background_repeat=&#8221;repeat&#8221;][et_pb_column type=&#8221;4_4&#8243; _builder_version=&#8221;3.25&#8243; custom_padding=&#8221;|||&#8221; custom_padding__hover=&#8221;|||&#8221;][et_pb_contact_form email=&#8221;inside.quiron@gmail.com&#8221; title=&#8221;Anfrageformular&#8221; custom_message=&#8221;Ha recibido un nuevo mensaje desde el \u00e1rea %22Cu\u00e9ntanos tu caso%22 en Inside Internistas (Alem\u00e1n).||et_pb_line_break_holder||||et_pb_line_break_holder||Nombre: %%Name%%||et_pb_line_break_holder||||et_pb_line_break_holder||N\u00famero de tel\u00e9fono: %%Phone%%||et_pb_line_break_holder||||et_pb_line_break_holder||Correo electr\u00f3nico: %%Email%%||et_pb_line_break_holder||||et_pb_line_break_holder||Mensaje de contacto: %%Message%%||et_pb_line_break_holder||||et_pb_line_break_holder||&#8221; success_message=&#8221;Vielen Dank, dass Sie sich mit Inside Internists in Verbindung gesetzt haben. Bald wird sich ein Mitglied unseres Teams mit Ihnen in Verbindung setzen.&#8221; submit_button_text=&#8221;Senden&#8221; admin_label=&#8221;Contact Form&#8221; _builder_version=&#8221;4.9.0&#8243; title_font=&#8221;|on|||&#8221; button_icon=&#8221;%%109%%&#8221; button_icon_color=&#8221;#610000&#8243; hover_enabled=&#8221;0&#8243; border_radii=&#8221;on|0px|0px|0px|0px&#8221; border_width_all=&#8221;1px&#8221; border_color_all=&#8221;#e8e8e8&#8243; use_border_color=&#8221;on&#8221; button_letter_spacing_hover=&#8221;0&#8243; button_text_color_hover=&#8221;#610000&#8243; button_bg_color_hover=&#8221;#eeeeee&#8221; sticky_enabled=&#8221;0&#8243;][et_pb_contact_field field_id=&#8221;Name&#8221; field_title=&#8221;Name&#8221; _builder_version=&#8221;4.9.0&#8243; form_field_font=&#8221;||||&#8221; use_border_color=&#8221;off&#8221; border_style=&#8221;solid&#8221;][\/et_pb_contact_field][et_pb_contact_field field_id=&#8221;Phone&#8221; field_title=&#8221;Telefon&#8221; required_mark=&#8221;off&#8221; _builder_version=&#8221;4.9.0&#8243; form_field_font=&#8221;||||&#8221; hover_enabled=&#8221;0&#8243; use_border_color=&#8221;off&#8221; border_style=&#8221;solid&#8221; sticky_enabled=&#8221;0&#8243;][\/et_pb_contact_field][et_pb_contact_field field_id=&#8221;Email&#8221; field_title=&#8221;E-Mail-Addresse&#8221; field_type=&#8221;email&#8221; fullwidth_field=&#8221;on&#8221; _builder_version=&#8221;4.9.0&#8243; form_field_font=&#8221;||||&#8221; hover_enabled=&#8221;0&#8243; use_border_color=&#8221;off&#8221; border_style=&#8221;solid&#8221; sticky_enabled=&#8221;0&#8243;][\/et_pb_contact_field][et_pb_contact_field field_id=&#8221;Message&#8221; field_title=&#8221;Nachricht&#8221; field_type=&#8221;text&#8221; fullwidth_field=&#8221;on&#8221; _builder_version=&#8221;4.9.0&#8243; form_field_font=&#8221;||||&#8221; hover_enabled=&#8221;0&#8243; use_border_color=&#8221;off&#8221; border_style=&#8221;solid&#8221; sticky_enabled=&#8221;0&#8243;][\/et_pb_contact_field][et_pb_contact_field field_id=&#8221;Privacidad&#8221; field_title=&#8221;Datenschutz-Bestimmungen&#8221; field_type=&#8221;checkbox&#8221; checkbox_options=&#8221;%91{%22value%22:%22Ich akzeptiere die %22,%22checked%22:0,%22dragID%22:-1,%22link_url%22:%22https:\/\/www.insideinternistas.com\/politica-privacidad\/%22,%22link_text%22:%22Datenschutzerkl\u00e4rung%22}%93&#8243; fullwidth_field=&#8221;on&#8221; _builder_version=&#8221;4.9.0&#8243; _module_preset=&#8221;default&#8221;][\/et_pb_contact_field][\/et_pb_contact_form][\/et_pb_column][\/et_pb_row][\/et_pb_section]<\/p>\n","protected":false},"excerpt":{"rendered":"<p>Bei Inside Internistas stellen wir unseren Benutzern eine Form zur Verf\u00fcgung, in der sie ihren Fall pr\u00e4sentieren k\u00f6nnen, damit einer unserer Spezialisten ihn pers\u00f6nlich studieren kann. Sie m\u00fcssen nur das beigef\u00fcgte Formular mit Ihren Daten ausf\u00fcllen.<\/p>\n","protected":false},"author":1,"featured_media":0,"parent":0,"menu_order":0,"comment_status":"closed","ping_status":"closed","template":"","meta":{"_et_pb_use_builder":"on","_et_pb_old_content":"","_et_gb_content_width":""},"_links":{"self":[{"href":"https:\/\/www.insideinternistas.com\/de\/wp-json\/wp\/v2\/pages\/78"}],"collection":[{"href":"https:\/\/www.insideinternistas.com\/de\/wp-json\/wp\/v2\/pages"}],"about":[{"href":"https:\/\/www.insideinternistas.com\/de\/wp-json\/wp\/v2\/types\/page"}],"author":[{"embeddable":true,"href":"https:\/\/www.insideinternistas.com\/de\/wp-json\/wp\/v2\/users\/1"}],"replies":[{"embeddable":true,"href":"https:\/\/www.insideinternistas.com\/de\/wp-json\/wp\/v2\/comments?post=78"}],"version-history":[{"count":11,"href":"https:\/\/www.insideinternistas.com\/de\/wp-json\/wp\/v2\/pages\/78\/revisions"}],"predecessor-version":[{"id":1766,"href":"https:\/\/www.insideinternistas.com\/de\/wp-json\/wp\/v2\/pages\/78\/revisions\/1766"}],"wp:attachment":[{"href":"https:\/\/www.insideinternistas.com\/de\/wp-json\/wp\/v2\/media?parent=78"}],"curies":[{"name":"wp","href":"https:\/\/api.w.org\/{rel}","templated":true}]}}