{"id":436,"date":"2017-01-13T16:51:38","date_gmt":"2017-01-13T16:51:38","guid":{"rendered":"http:\/\/insideinternistas.com\/?page_id=436"},"modified":"2021-09-21T09:32:59","modified_gmt":"2021-09-21T07:32:59","slug":"medizinische-pathologie-der-schwangerschaft","status":"publish","type":"page","link":"https:\/\/www.insideinternistas.com\/de\/medizinische-pathologie-der-schwangerschaft\/","title":{"rendered":"Medizinische Pathologie der Schwangerschaft"},"content":{"rendered":"<p>[et_pb_section fb_built=&#8221;1&#8243; admin_label=&#8221;Hero&#8221; _builder_version=&#8221;4.9.0&#8243; use_background_color_gradient=&#8221;on&#8221; background_color_gradient_start=&#8221;rgba(58,58,58,0)&#8221; background_color_gradient_end=&#8221;#ffffff&#8221; background_color_gradient_start_position=&#8221;70%&#8221; background_color_gradient_overlays_image=&#8221;on&#8221; background_image=&#8221;https:\/\/www.insideinternistas.com\/de\/wp-content\/uploads\/sites\/3\/2021\/03\/patologias-embarazo.jpg&#8221; background_position=&#8221;top_center&#8221; custom_padding=&#8221;20vw||20vw||true|&#8221; top_divider_style=&#8221;arrow3&#8243; top_divider_color=&#8221;rgba(255,255,255,0.07)&#8221; top_divider_repeat=&#8221;4x&#8221; global_colors_info=&#8221;{}&#8221;][\/et_pb_section][et_pb_section fb_built=&#8221;1&#8243; custom_padding_last_edited=&#8221;on|tablet&#8221; _builder_version=&#8221;4.9.0&#8243; custom_padding=&#8221;100px||||false|false&#8221; custom_padding_tablet=&#8221;50px||||false|false&#8221; custom_padding_phone=&#8221;30px||||false|false&#8221; global_colors_info=&#8221;{}&#8221;][et_pb_row column_structure=&#8221;1_2,1_2&#8243; _builder_version=&#8221;3.25&#8243; background_size=&#8221;initial&#8221; background_position=&#8221;top_left&#8221; background_repeat=&#8221;repeat&#8221; global_colors_info=&#8221;{}&#8221;][et_pb_column type=&#8221;1_2&#8243; _builder_version=&#8221;3.25&#8243; custom_padding=&#8221;|||&#8221; global_colors_info=&#8221;{}&#8221; custom_padding__hover=&#8221;|||&#8221;][et_pb_text admin_label=&#8221;T\u00edtulo Medizinische Pathologie der Schwangerschaft&#8221; _builder_version=&#8221;3.27.4&#8243; background_size=&#8221;initial&#8221; background_position=&#8221;top_left&#8221; background_repeat=&#8221;repeat&#8221; module_alignment=&#8221;left&#8221; use_border_color=&#8221;off&#8221; global_colors_info=&#8221;{}&#8221;]<\/p>\n<h2>Medizinische Pathologie der Schwangerschaft<\/h2>\n<p>[\/et_pb_text][et_pb_text _builder_version=&#8221;3.27.4&#8243; background_size=&#8221;initial&#8221; background_position=&#8221;top_left&#8221; background_repeat=&#8221;repeat&#8221; text_orientation=&#8221;justified&#8221; module_alignment=&#8221;left&#8221; use_border_color=&#8221;off&#8221; global_colors_info=&#8221;{}&#8221;]<\/p>\n<p>Obwohl es sich um einen physiologischen Prozess handelt, kann die schwangere Frau nicht nur an den h\u00e4ufigen Krankheiten der Bev\u00f6lkerung leiden, sondern auch an anderen, die h\u00e4ufiger oder typisch w\u00e4hrend der Schwangerschaft sind, wie zum Beispiel Bluthochdruck, Diabetes, Schilddr\u00fcsenunterfunktion, bestimmte Infektionen oder tiefe Venenthrombosen.<\/p>\n<p>In allen F\u00e4llen erfordern die Besonderheiten des Gestationszustandes und der strenge Schutz der fetalen Entwicklung eine spezialisierte Betreuung von Frauen w\u00e4hrend der Schwangerschaft.<\/p>\n<p>[\/et_pb_text][\/et_pb_column][et_pb_column type=&#8221;1_2&#8243; _builder_version=&#8221;3.25&#8243; custom_padding=&#8221;|||&#8221; global_colors_info=&#8221;{}&#8221; custom_padding__hover=&#8221;|||&#8221;][et_pb_image src=&#8221;https:\/\/www.insideinternistas.com\/de\/wp-content\/uploads\/sites\/3\/2021\/09\/patologia-embarazo.jpg&#8221; title_text=&#8221;patologia-embarazo&#8221; align=&#8221;center&#8221; _builder_version=&#8221;4.10.7&#8243; _module_preset=&#8221;default&#8221; hover_enabled=&#8221;0&#8243; border_width_right=&#8221;10px&#8221; border_color_right=&#8221;#fafbfc&#8221; box_shadow_style=&#8221;preset3&#8243; box_shadow_color=&#8221;rgba(12,113,195,0.3)&#8221; global_colors_info=&#8221;{}&#8221; sticky_enabled=&#8221;0&#8243;][\/et_pb_image][\/et_pb_column][\/et_pb_row][\/et_pb_section]<\/p>\n","protected":false},"excerpt":{"rendered":"<p>Medizinische Pathologie der Schwangerschaft Obwohl es sich um einen physiologischen Prozess handelt, kann die schwangere Frau nicht nur an den h\u00e4ufigen Krankheiten der Bev\u00f6lkerung leiden, sondern auch an anderen, die h\u00e4ufiger oder typisch w\u00e4hrend der Schwangerschaft sind, wie zum Beispiel Bluthochdruck, Diabetes, Schilddr\u00fcsenunterfunktion, bestimmte Infektionen oder tiefe Venenthrombosen. In allen F\u00e4llen erfordern die Besonderheiten des [&hellip;]<\/p>\n","protected":false},"author":1,"featured_media":0,"parent":0,"menu_order":0,"comment_status":"closed","ping_status":"closed","template":"","meta":{"_et_pb_use_builder":"on","_et_pb_old_content":"","_et_gb_content_width":""},"_links":{"self":[{"href":"https:\/\/www.insideinternistas.com\/de\/wp-json\/wp\/v2\/pages\/436"}],"collection":[{"href":"https:\/\/www.insideinternistas.com\/de\/wp-json\/wp\/v2\/pages"}],"about":[{"href":"https:\/\/www.insideinternistas.com\/de\/wp-json\/wp\/v2\/types\/page"}],"author":[{"embeddable":true,"href":"https:\/\/www.insideinternistas.com\/de\/wp-json\/wp\/v2\/users\/1"}],"replies":[{"embeddable":true,"href":"https:\/\/www.insideinternistas.com\/de\/wp-json\/wp\/v2\/comments?post=436"}],"version-history":[{"count":24,"href":"https:\/\/www.insideinternistas.com\/de\/wp-json\/wp\/v2\/pages\/436\/revisions"}],"predecessor-version":[{"id":1847,"href":"https:\/\/www.insideinternistas.com\/de\/wp-json\/wp\/v2\/pages\/436\/revisions\/1847"}],"wp:attachment":[{"href":"https:\/\/www.insideinternistas.com\/de\/wp-json\/wp\/v2\/media?parent=436"}],"curies":[{"name":"wp","href":"https:\/\/api.w.org\/{rel}","templated":true}]}}