{"id":434,"date":"2017-01-13T16:51:03","date_gmt":"2017-01-13T16:51:03","guid":{"rendered":"http:\/\/insideinternistas.com\/?page_id=434"},"modified":"2021-03-05T13:40:40","modified_gmt":"2021-03-05T12:40:40","slug":"thromboembolische-erkrankung","status":"publish","type":"page","link":"https:\/\/www.insideinternistas.com\/de\/thromboembolische-erkrankung\/","title":{"rendered":"Thromboembolische Erkrankung"},"content":{"rendered":"<p>[et_pb_section fb_built=&#8221;1&#8243; admin_label=&#8221;Hero&#8221; _builder_version=&#8221;4.9.0&#8243; use_background_color_gradient=&#8221;on&#8221; background_color_gradient_start=&#8221;rgba(58,58,58,0)&#8221; background_color_gradient_end=&#8221;#ffffff&#8221; background_color_gradient_start_position=&#8221;70%&#8221; background_color_gradient_overlays_image=&#8221;on&#8221; background_image=&#8221;https:\/\/www.insideinternistas.com\/de\/wp-content\/uploads\/sites\/3\/2021\/03\/eco-inside-internistas-marbella.jpg&#8221; background_position=&#8221;bottom_center&#8221; custom_padding=&#8221;13vw||13vw||true|&#8221; top_divider_style=&#8221;arrow3&#8243; top_divider_color=&#8221;rgba(255,255,255,0.07)&#8221; top_divider_repeat=&#8221;4x&#8221;][\/et_pb_section][et_pb_section fb_built=&#8221;1&#8243; custom_padding_last_edited=&#8221;on|tablet&#8221; _builder_version=&#8221;4.9.0&#8243; custom_padding=&#8221;100px||||false|false&#8221; custom_padding_tablet=&#8221;50px||||false|false&#8221; custom_padding_phone=&#8221;30px||||false|false&#8221;][et_pb_row column_structure=&#8221;1_2,1_2&#8243; _builder_version=&#8221;3.25&#8243; background_size=&#8221;initial&#8221; background_position=&#8221;top_left&#8221; background_repeat=&#8221;repeat&#8221;][et_pb_column type=&#8221;1_2&#8243; _builder_version=&#8221;3.25&#8243; custom_padding=&#8221;|||&#8221; custom_padding__hover=&#8221;|||&#8221;][et_pb_text admin_label=&#8221;T\u00edtulo Thromboembolische Erkrankung&#8221; _builder_version=&#8221;3.27.4&#8243; background_size=&#8221;initial&#8221; background_position=&#8221;top_left&#8221; background_repeat=&#8221;repeat&#8221; module_alignment=&#8221;left&#8221; use_border_color=&#8221;off&#8221;]<\/p>\n<h2>Thromboembolische Erkrankung<\/h2>\n<p>[\/et_pb_text][et_pb_text _builder_version=&#8221;3.27.4&#8243; background_size=&#8221;initial&#8221; background_position=&#8221;top_left&#8221; background_repeat=&#8221;repeat&#8221; text_orientation=&#8221;justified&#8221; module_alignment=&#8221;left&#8221; use_border_color=&#8221;off&#8221;]<\/p>\n<p>Die <em>Ven\u00f6se thromboembolische Erkrankung (VTE)<\/em> ist eine sehr h\u00e4ufige Pathologie, die auftritt, wenn sich Thromben in den tiefen Venenbahnen sowohl der Extremit\u00e4ten als auch des Abdomens, Thorax oder Sch\u00e4dels bilden. Wenn diese Thromben von der Venenwand abgel\u00f6st werden, ist ihr endg\u00fcltiger Bestimmungsort die Lunge, was die sogenannte <em>Lungen-Thromboembolie (TEP)<\/em>, die Hauptkomplikation der Venenthrombose, verursacht und welche potentiell t\u00f6dlich sein kann.<\/p>\n<p>Eine ihrer Besonderheiten ist, dass sie sehr unterschiedlich auftritt, mit <strong>unspezifischen<\/strong> Symptomen wie Schwellung eines Beines (Thrombose der Venapoplitea oder der Venafemoralis), Bauchschmerzen (Thrombose des Portals oder der Mesenterialvenen), Atemnot oder Tachykardie bei Anstrengung (Thrombose oder Lungenembolie) oder Kopfschmerzen (zerebrale Venensinus-Thrombose). Dies bedeutet, dass die Diagnose oft <strong>kompliziert<\/strong> ist und daher eine Krankheit ist, die h\u00e4ufig vom Internisten vermutet, diagnostiziert und behandelt wird.<\/p>\n<p>[\/et_pb_text][\/et_pb_column][et_pb_column type=&#8221;1_2&#8243; _builder_version=&#8221;3.25&#8243; custom_padding=&#8221;|||&#8221; custom_padding__hover=&#8221;|||&#8221;][et_pb_image src=&#8221;https:\/\/www.insideinternistas.com\/de\/wp-content\/uploads\/sites\/3\/2021\/03\/trombo-pierna.jpg&#8221; title_text=&#8221;trombo-pierna&#8221; align=&#8221;center&#8221; _builder_version=&#8221;4.9.0&#8243; _module_preset=&#8221;default&#8221; border_width_right=&#8221;10px&#8221; border_color_right=&#8221;#fafbfc&#8221; box_shadow_style=&#8221;preset3&#8243; box_shadow_color=&#8221;rgba(12,113,195,0.3)&#8221;][\/et_pb_image][\/et_pb_column][\/et_pb_row][\/et_pb_section][et_pb_section fb_built=&#8221;1&#8243; fullwidth=&#8221;on&#8221; next_background_color=&#8221;#ffffff&#8221; _builder_version=&#8221;4.9.0&#8243; _module_preset=&#8221;default&#8221; background_enable_color=&#8221;off&#8221; background_image=&#8221;https:\/\/www.insideinternistas.com\/de\/wp-content\/uploads\/sites\/3\/2021\/03\/equipo-inside-internistas.jpg&#8221; background_position=&#8221;top_center&#8221; custom_padding=&#8221;0px||0px||true|false&#8221; top_divider_height=&#8221;50px&#8221; top_divider_flip=&#8221;vertical|horizontal&#8221; bottom_divider_style=&#8221;arrow3&#8243; bottom_divider_height=&#8221;75px&#8221; bottom_divider_flip=&#8221;vertical&#8221;][et_pb_fullwidth_header title=&#8221;Erz\u00e4hl uns Deinen Fall&#8221; text_orientation=&#8221;center&#8221; button_one_text=&#8221;Frag uns&#8221; button_one_url=&#8221;https:\/\/www.insideinternistas.com\/de\/erzahl-uns-deinen-fall\/&#8221; _builder_version=&#8221;4.9.0&#8243; _module_preset=&#8221;default&#8221; title_text_align=&#8221;center&#8221; content_text_align=&#8221;center&#8221; background_color=&#8221;rgba(31,130,178,0.79)&#8221; custom_button_one=&#8221;on&#8221; button_one_text_color=&#8221;#FFFFFF&#8221; button_one_bg_color=&#8221;rgba(31,130,178,0.31)&#8221; button_one_border_color=&#8221;#FFFFFF&#8221; custom_padding=&#8221;5vw||5vw||true|false&#8221;]Bei Inside Internistas stellen wir unseren Benutzern eine Form zur Verf\u00fcgung, in der sie ihren Fall pr\u00e4sentieren k\u00f6nnen, damit einer unserer Spezialisten ihn pers\u00f6nlich studieren kann.<\/p>\n<p>Sie m\u00fcssen nur auf den Abschnitt zugreifen und das angeh\u00e4ngte Formular mit Ihren Daten ausf\u00fcllen.[\/et_pb_fullwidth_header][\/et_pb_section][et_pb_section fb_built=&#8221;1&#8243; _builder_version=&#8221;3.22&#8243;][et_pb_row _builder_version=&#8221;3.25&#8243; background_size=&#8221;initial&#8221; background_position=&#8221;top_left&#8221; background_repeat=&#8221;repeat&#8221;][et_pb_column type=&#8221;4_4&#8243; _builder_version=&#8221;3.25&#8243; custom_padding=&#8221;|||&#8221; custom_padding__hover=&#8221;|||&#8221;][et_pb_text _builder_version=&#8221;4.9.0&#8243; background_size=&#8221;initial&#8221; background_position=&#8221;top_left&#8221; background_repeat=&#8221;repeat&#8221; text_orientation=&#8221;justified&#8221; module_alignment=&#8221;justified&#8221; hover_enabled=&#8221;0&#8243; use_border_color=&#8221;off&#8221; border_color=&#8221;#ffffff&#8221; border_style=&#8221;solid&#8221; sticky_enabled=&#8221;0&#8243;]<br \/>\nEs gibt erbliche Faktoren, die eine Person f\u00fcr eine Venenthrombose anf\u00e4llig machen: Sie werden als erbliche Thrombophilie bezeichnet, deren Fr\u00fcherkennung und Behandlung helfen kann, sie zu verhindern. Andere Risikofaktoren werden erworben, wie l\u00e4ngere Ruhigstellung der Beine (z. B. das sogenannte &#8220;Tourist Class Traveller&#8221; -Syndrom), schwere Dehydration, gr\u00f6\u00dfere Operationen, Tumorerkrankungen oder \u00dcbergewicht.[\/et_pb_text][et_pb_text _builder_version=&#8221;4.9.0&#8243; background_size=&#8221;initial&#8221; background_position=&#8221;top_left&#8221; background_repeat=&#8221;repeat&#8221; text_orientation=&#8221;justified&#8221; module_alignment=&#8221;left&#8221; hover_enabled=&#8221;0&#8243; use_border_color=&#8221;off&#8221; sticky_enabled=&#8221;0&#8243;]Die definitive Diagnose wird mit ven\u00f6sem Ultraschall, Angio-CT, Angio-MR oder Venographie gestellt. Die Behandlung sollte so bald wie m\u00f6glich mit Fibrinolytika, Antikoagulantia und manchmal mit interventionellen Venenoperationen, einer Technik, die vom Gef\u00e4\u00dfchirurgen durchgef\u00fchrt wird, mit intraven\u00f6sen Rekanalisierungsmethoden und sehr gelegentlich mit ven\u00f6sen Stents begonnen werden. Anschlie\u00dfend wird je nach Ursache der Thrombose eine Antikoagulation zwischen 3 und 12 Monaten aufrechterhalten, nur selten sollte diese Behandlung unbefristet sein.[\/et_pb_text][\/et_pb_column][\/et_pb_row][\/et_pb_section]<\/p>\n","protected":false},"excerpt":{"rendered":"<p>Thromboembolische Erkrankung Die Ven\u00f6se thromboembolische Erkrankung (VTE) ist eine sehr h\u00e4ufige Pathologie, die auftritt, wenn sich Thromben in den tiefen Venenbahnen sowohl der Extremit\u00e4ten als auch des Abdomens, Thorax oder Sch\u00e4dels bilden. Wenn diese Thromben von der Venenwand abgel\u00f6st werden, ist ihr endg\u00fcltiger Bestimmungsort die Lunge, was die sogenannte Lungen-Thromboembolie (TEP), die Hauptkomplikation der Venenthrombose, [&hellip;]<\/p>\n","protected":false},"author":1,"featured_media":0,"parent":0,"menu_order":0,"comment_status":"closed","ping_status":"closed","template":"","meta":{"_et_pb_use_builder":"on","_et_pb_old_content":"","_et_gb_content_width":""},"_links":{"self":[{"href":"https:\/\/www.insideinternistas.com\/de\/wp-json\/wp\/v2\/pages\/434"}],"collection":[{"href":"https:\/\/www.insideinternistas.com\/de\/wp-json\/wp\/v2\/pages"}],"about":[{"href":"https:\/\/www.insideinternistas.com\/de\/wp-json\/wp\/v2\/types\/page"}],"author":[{"embeddable":true,"href":"https:\/\/www.insideinternistas.com\/de\/wp-json\/wp\/v2\/users\/1"}],"replies":[{"embeddable":true,"href":"https:\/\/www.insideinternistas.com\/de\/wp-json\/wp\/v2\/comments?post=434"}],"version-history":[{"count":12,"href":"https:\/\/www.insideinternistas.com\/de\/wp-json\/wp\/v2\/pages\/434\/revisions"}],"predecessor-version":[{"id":1793,"href":"https:\/\/www.insideinternistas.com\/de\/wp-json\/wp\/v2\/pages\/434\/revisions\/1793"}],"wp:attachment":[{"href":"https:\/\/www.insideinternistas.com\/de\/wp-json\/wp\/v2\/media?parent=434"}],"curies":[{"name":"wp","href":"https:\/\/api.w.org\/{rel}","templated":true}]}}