{"id":423,"date":"2017-01-13T16:47:21","date_gmt":"2017-01-13T16:47:21","guid":{"rendered":"http:\/\/insideinternistas.com\/?page_id=423"},"modified":"2021-03-12T13:30:42","modified_gmt":"2021-03-12T12:30:42","slug":"gefabrisiko","status":"publish","type":"page","link":"https:\/\/www.insideinternistas.com\/de\/gefabrisiko\/","title":{"rendered":"Gef\u00e4\u00dfrisiko"},"content":{"rendered":"<p>[et_pb_section fb_built=&#8221;1&#8243; admin_label=&#8221;Hero&#8221; _builder_version=&#8221;4.9.0&#8243; use_background_color_gradient=&#8221;on&#8221; background_color_gradient_start=&#8221;rgba(58,58,58,0)&#8221; background_color_gradient_end=&#8221;#ffffff&#8221; background_color_gradient_start_position=&#8221;70%&#8221; background_color_gradient_overlays_image=&#8221;on&#8221; background_image=&#8221;https:\/\/www.insideinternistas.com\/de\/wp-content\/uploads\/sites\/3\/2021\/03\/unidad-riesgo-vascular.jpg&#8221; custom_padding=&#8221;14vw||14vw||true|&#8221; top_divider_style=&#8221;arrow3&#8243; top_divider_color=&#8221;rgba(255,255,255,0.07)&#8221; top_divider_repeat=&#8221;4x&#8221;][\/et_pb_section][et_pb_section fb_built=&#8221;1&#8243; custom_padding_last_edited=&#8221;on|desktop&#8221; _builder_version=&#8221;4.9.0&#8243; custom_padding=&#8221;100px||0px||false|false&#8221; custom_padding_tablet=&#8221;50px||||false|false&#8221; custom_padding_phone=&#8221;30px||0px||false|false&#8221;][et_pb_row column_structure=&#8221;1_2,1_2&#8243; _builder_version=&#8221;3.25&#8243; background_size=&#8221;initial&#8221; background_position=&#8221;top_left&#8221; background_repeat=&#8221;repeat&#8221;][et_pb_column type=&#8221;1_2&#8243; _builder_version=&#8221;3.25&#8243; custom_padding=&#8221;|||&#8221; custom_padding__hover=&#8221;|||&#8221;][et_pb_text admin_label=&#8221;T\u00edtulo Gef\u00e4\u00dfrisiko&#8221; _builder_version=&#8221;3.27.4&#8243; background_size=&#8221;initial&#8221; background_position=&#8221;top_left&#8221; background_repeat=&#8221;repeat&#8221; module_alignment=&#8221;left&#8221; use_border_color=&#8221;off&#8221;]<\/p>\n<h2>Gef\u00e4\u00dfrisiko<\/h2>\n<p>[\/et_pb_text][et_pb_text _builder_version=&#8221;3.27.4&#8243; background_size=&#8221;initial&#8221; background_position=&#8221;top_left&#8221; background_repeat=&#8221;repeat&#8221; text_orientation=&#8221;justified&#8221; module_alignment=&#8221;left&#8221; use_border_color=&#8221;off&#8221;]Nach Angaben der Weltgesundheitsorganisation (WHO) sind Herz-Kreislauf-Erkrankungen vor Krebs weltweit die h\u00e4ufigste Todesursache und sie k\u00f6nnen in vielen F\u00e4llen verhindert werden. Die Hauptaufgabe eines Facharztes f\u00fcr Gef\u00e4\u00dfrisiko oder Vaskul\u00e4res Risiko besteht daher in der Kontrolle und Behandlung aller Risikofaktoren, die zur Entwicklung von <strong>Arteriosklerose oder Gef\u00e4\u00dferkrankungen f\u00fchren<\/strong>.<\/p>\n<p>Hierzu werden vom Internisten eine <strong>umfassende Bewertung<\/strong> dieser Faktoren oder Situationen (Hypertonie, Diabetes, Hypercholesterin\u00e4mie, genetische Belastung, Gewohnheiten, \u00dcbergewicht) und die kardiovaskul\u00e4re Situation der Person sowie das Risiko einer Erkrankung in Form von isch\u00e4mischen Ereignissen untersucht, wie Herzinfarkt oder Hirnschlag sind.<\/p>\n<p>So wird er auf der einen Seite ersch\u00f6pfende Analysen beantragen, die \u00fcber den Zustand von Bluthochdruck, Diabetes, Cholesterin und anderen Risikomarkern Auskunft gibt, und auf der anderen Seite werden explorative Techniken wie Ultraschall durchgef\u00fchrt, die uns erlauben, das &#8220;vaskul\u00e4re Alter&#8221; der Person zu kennen und\/oder ein 24 Stunden Blutdruck Holter. Diese Arbeit sollte <strong>mit anderen Spezialisten<\/strong> (Kardiologen, Neurologen, Nephrologen) <strong>koordiniert<\/strong> werden, um die Studie mit anderen komplement\u00e4ren Techniken wie Echokardiographie und Karotis-Doppler-Arbeit abzuschlie\u00dfen.<br \/>\n[\/et_pb_text][\/et_pb_column][et_pb_column type=&#8221;1_2&#8243; _builder_version=&#8221;3.25&#8243; custom_padding=&#8221;|||&#8221; custom_padding__hover=&#8221;|||&#8221;][et_pb_image src=&#8221;https:\/\/www.insideinternistas.com\/de\/wp-content\/uploads\/sites\/3\/2021\/03\/riesgo-vascular-consulta.jpg&#8221; title_text=&#8221;riesgo-vascular-consulta&#8221; _builder_version=&#8221;4.9.0&#8243; _module_preset=&#8221;default&#8221; border_width_right=&#8221;10px&#8221; border_color_right=&#8221;#fafbfc&#8221; box_shadow_style=&#8221;preset3&#8243; box_shadow_color=&#8221;rgba(12,113,195,0.3)&#8221;][\/et_pb_image][\/et_pb_column][\/et_pb_row][et_pb_row column_structure=&#8221;1_2,1_2&#8243; _builder_version=&#8221;4.9.0&#8243; background_size=&#8221;initial&#8221; background_position=&#8221;top_left&#8221; background_repeat=&#8221;repeat&#8221; custom_padding=&#8221;||0px||false|false&#8221;][et_pb_column type=&#8221;1_2&#8243; _builder_version=&#8221;3.25&#8243; custom_padding=&#8221;|||&#8221; custom_padding__hover=&#8221;|||&#8221;][et_pb_text _builder_version=&#8221;4.9.0&#8243; background_size=&#8221;initial&#8221; background_position=&#8221;top_left&#8221; background_repeat=&#8221;repeat&#8221; module_alignment=&#8221;left&#8221; hover_enabled=&#8221;0&#8243; header_2_text_align_tablet=&#8221;&#8221; header_2_text_align_phone=&#8221;center&#8221; header_2_text_align_last_edited=&#8221;on|desktop&#8221; use_border_color=&#8221;off&#8221; border_color=&#8221;#ffffff&#8221; border_style=&#8221;solid&#8221; sticky_enabled=&#8221;0&#8243;]<\/p>\n<h2>Hohes Vaskul\u00e4res Risiko<\/h2>\n<p>[\/et_pb_text][et_pb_text _builder_version=&#8221;3.27.4&#8243; background_size=&#8221;initial&#8221; background_position=&#8221;top_left&#8221; background_repeat=&#8221;repeat&#8221; text_orientation=&#8221;justified&#8221; module_alignment=&#8221;left&#8221; use_border_color=&#8221;off&#8221;]<\/p>\n<p>Menschen mit einem <strong>hohen vaskul\u00e4ren Risiko<\/strong> sind in der Regel <strong>komplexe Patienten<\/strong>, weil sie gleichzeitig unterschiedliche Risikofaktoren haben, und auch weil sie oft bereits eine schwere Komplikation erlitten haben, wie zum Beispiel ein Herzinfarkt, ein Hirnschlag, ein Nierenversagen oder eine Herzrhythmusst\u00f6rung; diese bezeichnen wir als <strong>multipathologische<\/strong> Patienten, bei denen die globale und integrierte Analyse, die der Internist von ihnen macht, von entscheidender Bedeutung ist.<\/p>\n<p>In unserem Team ist <strong>Dr. Jos\u00e9 Antonio Carmona<\/strong> f\u00fcr die Abteilung des Gef\u00e4\u00dfrisikos zust\u00e4ndig.<\/p>\n<p>[\/et_pb_text][\/et_pb_column][et_pb_column type=&#8221;1_2&#8243; _builder_version=&#8221;3.25&#8243; custom_padding=&#8221;|||&#8221; custom_padding__hover=&#8221;|||&#8221;][et_pb_image src=&#8221;https:\/\/www.insideinternistas.com\/de\/wp-content\/uploads\/sites\/3\/2021\/03\/dr-carmona-inside-recortado-1.jpg&#8221; title_text=&#8221;dr-carmona-inside-recortado-1&#8243; _builder_version=&#8221;4.9.0&#8243; _module_preset=&#8221;default&#8221;][\/et_pb_image][\/et_pb_column][\/et_pb_row][\/et_pb_section][et_pb_section fb_built=&#8221;1&#8243; _builder_version=&#8221;4.9.0&#8243; background_color=&#8221;#1f82b2&#8243; custom_padding=&#8221;5px||5px||true|false&#8221;][et_pb_row _builder_version=&#8221;3.25&#8243; background_size=&#8221;initial&#8221; background_position=&#8221;top_left&#8221; background_repeat=&#8221;repeat&#8221;][et_pb_column type=&#8221;4_4&#8243; _builder_version=&#8221;3.25&#8243; custom_padding=&#8221;|||&#8221; custom_padding__hover=&#8221;|||&#8221;][et_pb_text _builder_version=&#8221;4.9.0&#8243; background_size=&#8221;initial&#8221; background_position=&#8221;top_left&#8221; background_repeat=&#8221;repeat&#8221; text_orientation=&#8221;justified&#8221; background_layout=&#8221;dark&#8221; module_alignment=&#8221;justified&#8221; text_orientation_tablet=&#8221;&#8221; text_orientation_phone=&#8221;center&#8221; text_orientation_last_edited=&#8221;on|tablet&#8221; use_border_color=&#8221;off&#8221; border_color=&#8221;#ffffff&#8221; border_style=&#8221;solid&#8221;]<\/p>\n<h3>Dr. Jos\u00e9 Antonio Carmona<\/h3>\n<p>Leiter der Abteilung f\u00fcr Gef\u00e4\u00dfrisiken unseres medizinischen teams<\/p>\n<p>[\/et_pb_text][\/et_pb_column][\/et_pb_row][\/et_pb_section][et_pb_section fb_built=&#8221;1&#8243; _builder_version=&#8221;3.22&#8243;][et_pb_row _builder_version=&#8221;3.25&#8243; background_size=&#8221;initial&#8221; background_position=&#8221;top_left&#8221; background_repeat=&#8221;repeat&#8221;][et_pb_column type=&#8221;4_4&#8243; _builder_version=&#8221;3.25&#8243; custom_padding=&#8221;|||&#8221; custom_padding__hover=&#8221;|||&#8221;][et_pb_text _builder_version=&#8221;4.9.0&#8243; background_size=&#8221;initial&#8221; background_position=&#8221;top_left&#8221; background_repeat=&#8221;repeat&#8221; text_orientation=&#8221;center&#8221; module_alignment=&#8221;center&#8221; use_border_color=&#8221;off&#8221; border_color=&#8221;#ffffff&#8221; border_style=&#8221;solid&#8221;]\u201cCholesterin und Arteriosklerose\u201d[\/et_pb_text][et_pb_image src=&#8221;https:\/\/www.insideinternistas.com\/de\/wp-content\/uploads\/sites\/3\/2017\/01\/colesterolyarteriosclerosis.jpg&#8221; alt=&#8221;Colesterol y arteriosclerosis&#8221; title_text=&#8221;Colesterol y arteriosclerosis&#8221; show_in_lightbox=&#8221;on&#8221; align=&#8221;center&#8221; align_tablet=&#8221;center&#8221; align_phone=&#8221;&#8221; align_last_edited=&#8221;on|desktop&#8221; _builder_version=&#8221;4.9.0&#8243; animation_direction=&#8221;left&#8221; animation=&#8221;left&#8221; sticky=&#8221;off&#8221; use_border_color=&#8221;off&#8221; border_color=&#8221;#ffffff&#8221; border_style=&#8221;solid&#8221; always_center_on_mobile=&#8221;on&#8221;][\/et_pb_image][\/et_pb_column][\/et_pb_row][\/et_pb_section]<\/p>\n","protected":false},"excerpt":{"rendered":"<p>Gef\u00e4\u00dfrisiko Nach Angaben der Weltgesundheitsorganisation (WHO) sind Herz-Kreislauf-Erkrankungen vor Krebs weltweit die h\u00e4ufigste Todesursache und sie k\u00f6nnen in vielen F\u00e4llen verhindert werden. Die Hauptaufgabe eines Facharztes f\u00fcr Gef\u00e4\u00dfrisiko oder Vaskul\u00e4res Risiko besteht daher in der Kontrolle und Behandlung aller Risikofaktoren, die zur Entwicklung von Arteriosklerose oder Gef\u00e4\u00dferkrankungen f\u00fchren. Hierzu werden vom Internisten eine umfassende Bewertung [&hellip;]<\/p>\n","protected":false},"author":1,"featured_media":0,"parent":0,"menu_order":0,"comment_status":"closed","ping_status":"closed","template":"","meta":{"_et_pb_use_builder":"on","_et_pb_old_content":"","_et_gb_content_width":""},"_links":{"self":[{"href":"https:\/\/www.insideinternistas.com\/de\/wp-json\/wp\/v2\/pages\/423"}],"collection":[{"href":"https:\/\/www.insideinternistas.com\/de\/wp-json\/wp\/v2\/pages"}],"about":[{"href":"https:\/\/www.insideinternistas.com\/de\/wp-json\/wp\/v2\/types\/page"}],"author":[{"embeddable":true,"href":"https:\/\/www.insideinternistas.com\/de\/wp-json\/wp\/v2\/users\/1"}],"replies":[{"embeddable":true,"href":"https:\/\/www.insideinternistas.com\/de\/wp-json\/wp\/v2\/comments?post=423"}],"version-history":[{"count":17,"href":"https:\/\/www.insideinternistas.com\/de\/wp-json\/wp\/v2\/pages\/423\/revisions"}],"predecessor-version":[{"id":1828,"href":"https:\/\/www.insideinternistas.com\/de\/wp-json\/wp\/v2\/pages\/423\/revisions\/1828"}],"wp:attachment":[{"href":"https:\/\/www.insideinternistas.com\/de\/wp-json\/wp\/v2\/media?parent=423"}],"curies":[{"name":"wp","href":"https:\/\/api.w.org\/{rel}","templated":true}]}}