{"id":414,"date":"2017-01-13T16:36:03","date_gmt":"2017-01-13T16:36:03","guid":{"rendered":"http:\/\/insideinternistas.com\/?page_id=414"},"modified":"2021-03-12T13:08:55","modified_gmt":"2021-03-12T12:08:55","slug":"inside-zu-hause","status":"publish","type":"page","link":"https:\/\/www.insideinternistas.com\/de\/inside-zu-hause\/","title":{"rendered":"Inside zu Hause"},"content":{"rendered":"<p>[et_pb_section fb_built=&#8221;1&#8243; _builder_version=&#8221;3.22&#8243;][et_pb_row _builder_version=&#8221;3.25&#8243; background_size=&#8221;initial&#8221; background_position=&#8221;top_left&#8221; background_repeat=&#8221;repeat&#8221;][et_pb_column type=&#8221;4_4&#8243; _builder_version=&#8221;3.25&#8243; custom_padding=&#8221;|||&#8221; custom_padding__hover=&#8221;|||&#8221;][et_pb_text admin_label=&#8221;T\u00edtulo Inside zu Hause&#8221; _builder_version=&#8221;3.27.4&#8243; background_size=&#8221;initial&#8221; background_position=&#8221;top_left&#8221; background_repeat=&#8221;repeat&#8221; use_border_color=&#8221;off&#8221;]<\/p>\n<h2>Inside zu Hause<\/h2>\n<p>[\/et_pb_text][\/et_pb_column][\/et_pb_row][et_pb_row _builder_version=&#8221;3.25&#8243; background_size=&#8221;initial&#8221; background_position=&#8221;top_left&#8221; background_repeat=&#8221;repeat&#8221; column_structure=&#8221;1_2,1_2&#8243;][et_pb_column type=&#8221;1_2&#8243; _builder_version=&#8221;3.25&#8243; custom_padding=&#8221;|||&#8221; custom_padding__hover=&#8221;|||&#8221;][et_pb_text _builder_version=&#8221;3.27.4&#8243; background_size=&#8221;initial&#8221; background_position=&#8221;top_left&#8221; background_repeat=&#8221;repeat&#8221; text_orientation=&#8221;justified&#8221; use_border_color=&#8221;off&#8221;]<\/p>\n<p>Wir vom <span class=\"inside\">INSIDE TEAM<\/span>\u00a0halten es f\u00fcr sehr wichtig, unseren Patienten eine kontinuierliche Versorgung anzubieten, nachdem sie nach schweren, schw\u00e4chenden oder chronischen Erkrankungen aus dem Krankenhaus entlassen werden. Von dieser Versorgung zu Hause profitieren besonders fragile oder \u00e4ltere Menschen mit eingeschr\u00e4nkter Mobilit\u00e4t und Patienten mit schweren Erkrankungen wie Krebs, die palliative Pflege ben\u00f6tigen k\u00f6nnen. Wir haben die M\u00f6glichkeit, spezielle Medikamente (intraven\u00f6s oder subkutan) zu verabreichen, komplexe Wundbehandlung durchzuf\u00fchren, Katheter (Urin) zu wechseln oder Blutanalysen zu machen, ohne das Heim zu verlassen.<\/p>\n<p>Aus diesem Grund haben wir in Zusammenarbeit mit unserem Krankenhaus Quir\u00f3nsalud Marbella die Dienstleistung \u201cQuir\u00f3nsalud zu Hause&#8221; geschaffen, dank der die \u00c4rzte und Krankenschwestern unseres Teams die Patienten in ihrem Zuhause versorgen und behandeln zu k\u00f6nnen.<\/p>\n<p>[\/et_pb_text][\/et_pb_column][et_pb_column type=&#8221;1_2&#8243; _builder_version=&#8221;3.25&#8243; custom_padding=&#8221;|||&#8221; custom_padding__hover=&#8221;|||&#8221;][et_pb_image src=&#8221;https:\/\/www.insideinternistas.com\/de\/wp-content\/uploads\/sites\/3\/2018\/10\/inside-en-casa-2.jpg&#8221; align_tablet=&#8221;center&#8221; align_last_edited=&#8221;on|desktop&#8221; _builder_version=&#8221;3.23&#8243; animation_style=&#8221;fade&#8221; animation_duration=&#8221;1100ms&#8221; box_shadow_style=&#8221;preset3&#8243;][\/et_pb_image][\/et_pb_column][\/et_pb_row][et_pb_row _builder_version=&#8221;3.25&#8243; background_size=&#8221;initial&#8221; background_position=&#8221;top_left&#8221; background_repeat=&#8221;repeat&#8221;][et_pb_column type=&#8221;4_4&#8243; _builder_version=&#8221;3.25&#8243; custom_padding=&#8221;|||&#8221; custom_padding__hover=&#8221;|||&#8221;][et_pb_image src=&#8221;https:\/\/www.insideinternistas.com\/de\/wp-content\/uploads\/sites\/3\/2017\/01\/encasa_foto1-1.jpg&#8221; url=&#8221;https:\/\/www.insideinternistas.com\/de\/wp-content\/uploads\/sites\/3\/2017\/02\/quironencasa_triptico_2b.pdf&#8221; url_new_window=&#8221;on&#8221; align=&#8221;center&#8221; align_tablet=&#8221;center&#8221; align_last_edited=&#8221;on|desktop&#8221; _builder_version=&#8221;3.23&#8243; animation_direction=&#8221;left&#8221; use_border_color=&#8221;off&#8221;][\/et_pb_image][\/et_pb_column][\/et_pb_row][\/et_pb_section]<\/p>\n","protected":false},"excerpt":{"rendered":"<p>Inside zu Hause Wir vom INSIDE TEAM\u00a0halten es f\u00fcr sehr wichtig, unseren Patienten eine kontinuierliche Versorgung anzubieten, nachdem sie nach schweren, schw\u00e4chenden oder chronischen Erkrankungen aus dem Krankenhaus entlassen werden. Von dieser Versorgung zu Hause profitieren besonders fragile oder \u00e4ltere Menschen mit eingeschr\u00e4nkter Mobilit\u00e4t und Patienten mit schweren Erkrankungen wie Krebs, die palliative Pflege ben\u00f6tigen [&hellip;]<\/p>\n","protected":false},"author":1,"featured_media":0,"parent":0,"menu_order":0,"comment_status":"closed","ping_status":"closed","template":"","meta":{"_et_pb_use_builder":"on","_et_pb_old_content":"Tu equipo inside en casa","_et_gb_content_width":""},"_links":{"self":[{"href":"https:\/\/www.insideinternistas.com\/de\/wp-json\/wp\/v2\/pages\/414"}],"collection":[{"href":"https:\/\/www.insideinternistas.com\/de\/wp-json\/wp\/v2\/pages"}],"about":[{"href":"https:\/\/www.insideinternistas.com\/de\/wp-json\/wp\/v2\/types\/page"}],"author":[{"embeddable":true,"href":"https:\/\/www.insideinternistas.com\/de\/wp-json\/wp\/v2\/users\/1"}],"replies":[{"embeddable":true,"href":"https:\/\/www.insideinternistas.com\/de\/wp-json\/wp\/v2\/comments?post=414"}],"version-history":[{"count":23,"href":"https:\/\/www.insideinternistas.com\/de\/wp-json\/wp\/v2\/pages\/414\/revisions"}],"predecessor-version":[{"id":1817,"href":"https:\/\/www.insideinternistas.com\/de\/wp-json\/wp\/v2\/pages\/414\/revisions\/1817"}],"wp:attachment":[{"href":"https:\/\/www.insideinternistas.com\/de\/wp-json\/wp\/v2\/media?parent=414"}],"curies":[{"name":"wp","href":"https:\/\/api.w.org\/{rel}","templated":true}]}}